{"id":7,"date":"2019-11-02T03:18:43","date_gmt":"2019-11-02T03:18:43","guid":{"rendered":"https:\/\/jupiterx.artbees.net\/carpenter\/?page_id=7"},"modified":"2022-12-14T17:13:20","modified_gmt":"2022-12-14T17:13:20","slug":"inicio","status":"publish","type":"page","link":"https:\/\/emt.mx\/en\/","title":{"rendered":"Home"},"content":{"rendered":"<div data-elementor-type=\"wp-page\" data-elementor-id=\"7\" class=\"elementor elementor-7\" data-elementor-settings=\"[]\">\n\t\t\t\t\t\t\t<div class=\"elementor-section-wrap\">\n\t\t\t\t\t\t\t<section class=\"elementor-section elementor-top-section elementor-element elementor-element-4c2742f elementor-section-boxed elementor-section-height-default elementor-section-height-default\" data-id=\"4c2742f\" data-element_type=\"section\" data-settings=\"{&quot;background_background&quot;:&quot;classic&quot;}\">\n\t\t\t\t\t\t\t<div class=\"elementor-background-overlay\"><\/div>\n\t\t\t\t\t\t\t<div class=\"elementor-container elementor-column-gap-no\">\n\t\t\t\t\t<div class=\"elementor-column elementor-col-100 elementor-top-column elementor-element elementor-element-656b831\" data-id=\"656b831\" data-element_type=\"column\">\n\t\t\t<div class=\"elementor-widget-wrap elementor-element-populated\">\n\t\t\t\t\t\t\t\t<div class=\"elementor-element elementor-element-757e17e elementor-widget elementor-widget-heading\" data-id=\"757e17e\" data-element_type=\"widget\" data-widget_type=\"heading.default\">\n\t\t\t\t<div class=\"elementor-widget-container\">\n\t\t\t<h1 class=\"elementor-heading-title elementor-size-default\">Packing, wood products and pallets<\/h1>\t\t<\/div>\n\t\t\t\t<\/div>\n\t\t\t\t<div class=\"elementor-element elementor-element-5f2af8b elementor-widget elementor-widget-heading\" data-id=\"5f2af8b\" data-element_type=\"widget\" data-widget_type=\"heading.default\">\n\t\t\t\t<div class=\"elementor-widget-container\">\n\t\t\t<h2 class=\"elementor-heading-title elementor-size-default\">Industrial Packing Solutions<\/h2>\t\t<\/div>\n\t\t\t\t<\/div>\n\t\t\t\t<div class=\"elementor-element elementor-element-dd65e4b elementor-align-center elementor-widget elementor-widget-raven-button\" data-id=\"dd65e4b\" data-element_type=\"widget\" data-widget_type=\"raven-button.default\">\n\t\t\t\t<div class=\"elementor-widget-container\">\n\t\t\t\t\t<div class=\"raven-widget-wrapper\">\n\t\t\t<a class=\"raven-button raven-button-link\" href=\"#nosotros\">\n\t\t\t\t<span class=\"raven-button-content\">\n\t\t\t\t\t\t\t\t\t\t<span class=\"raven-button-text\">\n\t\t\t\t\t\tMore Info\t\t\t\t\t\t\t\t\t\t\t<\/span>\n\t\t\t\t<\/span>\n\t\t\t<\/a>\n\t\t<\/div>\n\t\t\t\t<\/div>\n\t\t\t\t<\/div>\n\t\t\t\t\t<\/div>\n\t\t<\/div>\n\t\t\t\t\t\t\t<\/div>\n\t\t<\/section>\n\t\t\t\t<section class=\"elementor-section elementor-top-section elementor-element elementor-element-b8c0c5e elementor-section-boxed elementor-section-height-default elementor-section-height-default\" data-id=\"b8c0c5e\" data-element_type=\"section\" data-settings=\"{&quot;background_background&quot;:&quot;classic&quot;}\">\n\t\t\t\t\t\t<div class=\"elementor-container elementor-column-gap-no\">\n\t\t\t\t\t<div class=\"elementor-column elementor-col-100 elementor-top-column elementor-element elementor-element-b340932\" data-id=\"b340932\" data-element_type=\"column\">\n\t\t\t<div class=\"elementor-widget-wrap elementor-element-populated\">\n\t\t\t\t\t\t\t\t<div class=\"elementor-element elementor-element-b4bca4f elementor-align-left elementor-widget elementor-widget-raven-heading\" data-id=\"b4bca4f\" data-element_type=\"widget\" data-widget_type=\"raven-heading.default\">\n\t\t\t\t<div class=\"elementor-widget-container\">\n\t\t\t\t\t<div class=\"raven-widget-wrapper\"><h2 class=\"raven-heading raven-heading-h2\"><span class=\"raven-heading-title\">Specialized <br>\nengineering in:<\/span><\/h2><\/div>\n\t\t\t\t<\/div>\n\t\t\t\t<\/div>\n\t\t\t\t<div class=\"elementor-element elementor-element-646e37d elementor-widget elementor-widget-jet-listing-grid\" data-id=\"646e37d\" data-element_type=\"widget\" data-widget_type=\"jet-listing-grid.default\">\n\t\t\t\t<div class=\"elementor-widget-container\">\n\t\t\t<div class=\"jet-listing-grid jet-listing\"><div class=\"jet-listing-grid__slider\" data-slider_options=\"{&quot;slidesToShow&quot;:{&quot;desktop&quot;:3,&quot;tablet&quot;:3,&quot;mobile&quot;:1},&quot;autoplaySpeed&quot;:5000,&quot;autoplay&quot;:true,&quot;infinite&quot;:true,&quot;speed&quot;:500,&quot;arrows&quot;:true,&quot;dots&quot;:false,&quot;slidesToScroll&quot;:1,&quot;prevArrow&quot;:&quot;&lt;div class=\\&quot;jet-listing-grid__slider-icon prev-arrow \\&quot;&gt;&lt;svg viewBox=\\&quot;0 0 90 179\\&quot; xmlns=\\&quot;http:\\\/\\\/www.w3.org\\\/2000\\\/svg\\&quot;&gt;&lt;path transform=\\&quot;scale(0.1,-0.1) translate(0,-1536)\\&quot; d=\\&quot;M627 992q0 -13 -10 -23l-393 -393l393 -393q10 -10 10 -23t-10 -23l-50 -50q-10 -10 -23 -10t-23 10l-466 466q-10 10 -10 23t10 23l466 466q10 10 23 10t23 -10l50 -50q10 -10 10 -23z\\&quot; \\\/&gt;&lt;\\\/svg&gt;&lt;\\\/div&gt;&quot;,&quot;nextArrow&quot;:&quot;&lt;div class=\\&quot;jet-listing-grid__slider-icon next-arrow \\&quot;&gt;&lt;svg viewBox=\\&quot;0 0 90 179\\&quot; xmlns=\\&quot;http:\\\/\\\/www.w3.org\\\/2000\\\/svg\\&quot;&gt;&lt;path transform=\\&quot;scale(0.1,-0.1) translate(0,-1536)\\&quot; d=\\&quot;M627 992q0 -13 -10 -23l-393 -393l393 -393q10 -10 10 -23t-10 -23l-50 -50q-10 -10 -23 -10t-23 10l-466 466q-10 10 -10 23t10 23l466 466q10 10 23 10t23 -10l50 -50q10 -10 10 -23z\\&quot; \\\/&gt;&lt;\\\/svg&gt;&lt;\\\/div&gt;&quot;,&quot;rtl&quot;:false,&quot;itemsCount&quot;:3,&quot;fade&quot;:false}\" dir=\"ltr\"><div class=\"jet-listing-grid__items grid-col-desk-3 grid-col-tablet-3 grid-col-mobile-1 jet-listing-grid--256\"  data-nav=\"{&quot;enabled&quot;:false,&quot;type&quot;:null,&quot;more_el&quot;:null,&quot;query&quot;:[],&quot;widget_settings&quot;:{&quot;lisitng_id&quot;:&quot;256&quot;,&quot;posts_num&quot;:6,&quot;columns&quot;:3,&quot;columns_tablet&quot;:3,&quot;columns_mobile&quot;:1,&quot;is_archive_template&quot;:&quot;&quot;,&quot;post_status&quot;:[&quot;publish&quot;],&quot;use_random_posts_num&quot;:&quot;&quot;,&quot;max_posts_num&quot;:9,&quot;not_found_message&quot;:&quot;No data was found&quot;,&quot;is_masonry&quot;:false,&quot;equal_columns_height&quot;:&quot;&quot;,&quot;use_load_more&quot;:&quot;&quot;,&quot;load_more_id&quot;:&quot;&quot;,&quot;load_more_type&quot;:&quot;click&quot;,&quot;use_custom_post_types&quot;:&quot;&quot;,&quot;custom_post_types&quot;:[],&quot;hide_widget_if&quot;:&quot;&quot;,&quot;carousel_enabled&quot;:&quot;yes&quot;,&quot;slides_to_scroll&quot;:&quot;1&quot;,&quot;arrows&quot;:&quot;true&quot;,&quot;arrow_icon&quot;:&quot;fa fa-angle-left&quot;,&quot;dots&quot;:&quot;&quot;,&quot;autoplay&quot;:&quot;true&quot;,&quot;autoplay_speed&quot;:5000,&quot;infinite&quot;:&quot;true&quot;,&quot;effect&quot;:&quot;slide&quot;,&quot;speed&quot;:500,&quot;inject_alternative_items&quot;:&quot;&quot;,&quot;injection_items&quot;:[],&quot;scroll_slider_enabled&quot;:&quot;&quot;,&quot;scroll_slider_on&quot;:[&quot;desktop&quot;,&quot;tablet&quot;,&quot;mobile&quot;],&quot;_element_id&quot;:&quot;&quot;}}\" data-page=\"1\" data-pages=\"1\" data-listing-source=\"posts\"><style>.elementor-256 .elementor-element.elementor-element-6bb6304 .raven-image{opacity:1;}.elementor-256 .elementor-element.elementor-element-6bb6304{text-align:center;}.elementor-256 .elementor-element.elementor-element-6bb6304 .raven-image:hover img:first-of-type{box-shadow:0px 0px 10px 0px rgba(0,0,0,0.5);}.elementor-256 .elementor-element.elementor-element-6bb6304 > .elementor-widget-container{padding:0px 0px 25px 0px;}.elementor-256 .elementor-element.elementor-element-75a2153 .jet-listing-dynamic-link__link{align-self:center;font-weight:700;color:#805945;flex-direction:row;}.elementor-256 .elementor-element.elementor-element-75a2153 .jet-listing-dynamic-link__link:hover{color:#EC7247;}.elementor-256 .elementor-element.elementor-element-75a2153 .jet-listing-dynamic-link__icon{order:1;}.jet-listing-item.single-jet-engine.elementor-page-256 > .elementor{width:362px;margin-left:auto;margin-right:auto;}<\/style><div class=\"jet-listing-grid__item jet-listing-dynamic-post-83\" data-post-id=\"83\" ><div class=\"jet-engine-listing-overlay-wrap\" data-url=\"https:\/\/emt.mx\/en\/services\/empaques-de-madera\/\">\t\t<div data-elementor-type=\"jet-listing-items\" data-elementor-id=\"256\" class=\"elementor elementor-256\" data-elementor-settings=\"[]\">\n\t\t\t\t\t\t\t<div class=\"elementor-section-wrap\">\n\t\t\t\t\t\t\t<section class=\"elementor-section elementor-top-section elementor-element elementor-element-ccc4b38 elementor-section-boxed elementor-section-height-default elementor-section-height-default\" data-id=\"ccc4b38\" data-element_type=\"section\">\n\t\t\t\t\t\t<div class=\"elementor-container elementor-column-gap-no\">\n\t\t\t\t\t<div class=\"elementor-column elementor-col-100 elementor-top-column elementor-element elementor-element-86dc27b\" data-id=\"86dc27b\" data-element_type=\"column\">\n\t\t\t<div class=\"elementor-widget-wrap elementor-element-populated\">\n\t\t\t\t\t\t\t\t<div class=\"elementor-element elementor-element-6bb6304 elementor-widget elementor-widget-raven-image\" data-id=\"6bb6304\" data-element_type=\"widget\" data-widget_type=\"raven-image.default\">\n\t\t\t\t<div class=\"elementor-widget-container\">\n\t\t\t\t\t<div class=\"raven-image\">\n\t\t\n\t\t\n\t\t<img decoding=\"async\" src=\"https:\/\/emt.mx\/wp-content\/uploads\/elementor\/thumbs\/tarimas-pz5s8yc6zl5otjwpu6zi6ewm20cw1mnwgp1pb0kwgo.jpg\" title=\"tarimas\" alt=\"tarimas\" \/>\t\t<\/div>\n\t\t\t\t<\/div>\n\t\t\t\t<\/div>\n\t\t\t\t<div class=\"elementor-element elementor-element-75a2153 elementor-widget elementor-widget-jet-listing-dynamic-link\" data-id=\"75a2153\" data-element_type=\"widget\" data-widget_type=\"jet-listing-dynamic-link.default\">\n\t\t\t\t<div class=\"elementor-widget-container\">\n\t\t\t<h3 class=\"jet-listing jet-listing-dynamic-link\"><a href=\"https:\/\/emt.mx\/en\/services\/empaques-de-madera\/\" class=\"jet-listing-dynamic-link__link\"><span class=\"jet-listing-dynamic-link__label\">Wood packing<\/span><\/a><\/h3>\t\t<\/div>\n\t\t\t\t<\/div>\n\t\t\t\t\t<\/div>\n\t\t<\/div>\n\t\t\t\t\t\t\t<\/div>\n\t\t<\/section>\n\t\t\t\t\t\t<\/div>\n\t\t\t\t\t<\/div>\n\t\t<a href=\"https:\/\/emt.mx\/en\/services\/empaques-de-madera\/\" class=\"jet-engine-listing-overlay-link\"><\/a><\/div><\/div><div class=\"jet-listing-grid__item jet-listing-dynamic-post-82\" data-post-id=\"82\" ><div class=\"jet-engine-listing-overlay-wrap\" data-url=\"https:\/\/emt.mx\/en\/services\/espumas-a-medida-2\/\">\t\t<div data-elementor-type=\"jet-listing-items\" data-elementor-id=\"256\" class=\"elementor elementor-256\" data-elementor-settings=\"[]\">\n\t\t\t\t\t\t\t<div class=\"elementor-section-wrap\">\n\t\t\t\t\t\t\t<section class=\"elementor-section elementor-top-section elementor-element elementor-element-ccc4b38 elementor-section-boxed elementor-section-height-default elementor-section-height-default\" data-id=\"ccc4b38\" data-element_type=\"section\">\n\t\t\t\t\t\t<div class=\"elementor-container elementor-column-gap-no\">\n\t\t\t\t\t<div class=\"elementor-column elementor-col-100 elementor-top-column elementor-element elementor-element-86dc27b\" data-id=\"86dc27b\" data-element_type=\"column\">\n\t\t\t<div class=\"elementor-widget-wrap elementor-element-populated\">\n\t\t\t\t\t\t\t\t<div class=\"elementor-element elementor-element-6bb6304 elementor-widget elementor-widget-raven-image\" data-id=\"6bb6304\" data-element_type=\"widget\" data-widget_type=\"raven-image.default\">\n\t\t\t\t<div class=\"elementor-widget-container\">\n\t\t\t\t\t<div class=\"raven-image\">\n\t\t\n\t\t\n\t\t<img decoding=\"async\" src=\"https:\/\/emt.mx\/wp-content\/uploads\/elementor\/thumbs\/espumas-pz5s8yc6zl5otjwpu6zi6ewm20cw1mnwgp1pb0kwgo.jpg\" title=\"espumas\" alt=\"espumas\" \/>\t\t<\/div>\n\t\t\t\t<\/div>\n\t\t\t\t<\/div>\n\t\t\t\t<div class=\"elementor-element elementor-element-75a2153 elementor-widget elementor-widget-jet-listing-dynamic-link\" data-id=\"75a2153\" data-element_type=\"widget\" data-widget_type=\"jet-listing-dynamic-link.default\">\n\t\t\t\t<div class=\"elementor-widget-container\">\n\t\t\t<h3 class=\"jet-listing jet-listing-dynamic-link\"><a href=\"https:\/\/emt.mx\/en\/services\/espumas-a-medida-2\/\" class=\"jet-listing-dynamic-link__link\"><span class=\"jet-listing-dynamic-link__label\">Custom-made foams<\/span><\/a><\/h3>\t\t<\/div>\n\t\t\t\t<\/div>\n\t\t\t\t\t<\/div>\n\t\t<\/div>\n\t\t\t\t\t\t\t<\/div>\n\t\t<\/section>\n\t\t\t\t\t\t<\/div>\n\t\t\t\t\t<\/div>\n\t\t<a href=\"https:\/\/emt.mx\/en\/services\/espumas-a-medida-2\/\" class=\"jet-engine-listing-overlay-link\"><\/a><\/div><\/div><div class=\"jet-listing-grid__item jet-listing-dynamic-post-80\" data-post-id=\"80\" ><div class=\"jet-engine-listing-overlay-wrap\" data-url=\"https:\/\/emt.mx\/en\/services\/racks-metalicos\/\">\t\t<div data-elementor-type=\"jet-listing-items\" data-elementor-id=\"256\" class=\"elementor elementor-256\" data-elementor-settings=\"[]\">\n\t\t\t\t\t\t\t<div class=\"elementor-section-wrap\">\n\t\t\t\t\t\t\t<section class=\"elementor-section elementor-top-section elementor-element elementor-element-ccc4b38 elementor-section-boxed elementor-section-height-default elementor-section-height-default\" data-id=\"ccc4b38\" data-element_type=\"section\">\n\t\t\t\t\t\t<div class=\"elementor-container elementor-column-gap-no\">\n\t\t\t\t\t<div class=\"elementor-column elementor-col-100 elementor-top-column elementor-element elementor-element-86dc27b\" data-id=\"86dc27b\" data-element_type=\"column\">\n\t\t\t<div class=\"elementor-widget-wrap elementor-element-populated\">\n\t\t\t\t\t\t\t\t<div class=\"elementor-element elementor-element-6bb6304 elementor-widget elementor-widget-raven-image\" data-id=\"6bb6304\" data-element_type=\"widget\" data-widget_type=\"raven-image.default\">\n\t\t\t\t<div class=\"elementor-widget-container\">\n\t\t\t\t\t<div class=\"raven-image\">\n\t\t\n\t\t\n\t\t<img decoding=\"async\" src=\"https:\/\/emt.mx\/wp-content\/uploads\/elementor\/thumbs\/raks-1-pz5s8yc6zl5otjwpu6zi6ewm20cw1mnwgp1pb0kwgo.jpg\" title=\"raks-1\" alt=\"raks-1\" \/>\t\t<\/div>\n\t\t\t\t<\/div>\n\t\t\t\t<\/div>\n\t\t\t\t<div class=\"elementor-element elementor-element-75a2153 elementor-widget elementor-widget-jet-listing-dynamic-link\" data-id=\"75a2153\" data-element_type=\"widget\" data-widget_type=\"jet-listing-dynamic-link.default\">\n\t\t\t\t<div class=\"elementor-widget-container\">\n\t\t\t<h3 class=\"jet-listing jet-listing-dynamic-link\"><a href=\"https:\/\/emt.mx\/en\/services\/racks-metalicos\/\" class=\"jet-listing-dynamic-link__link\"><span class=\"jet-listing-dynamic-link__label\">Metal racks<\/span><\/a><\/h3>\t\t<\/div>\n\t\t\t\t<\/div>\n\t\t\t\t\t<\/div>\n\t\t<\/div>\n\t\t\t\t\t\t\t<\/div>\n\t\t<\/section>\n\t\t\t\t\t\t<\/div>\n\t\t\t\t\t<\/div>\n\t\t<a href=\"https:\/\/emt.mx\/en\/services\/racks-metalicos\/\" class=\"jet-engine-listing-overlay-link\"><\/a><\/div><\/div><\/div><\/div><\/div>\t\t<\/div>\n\t\t\t\t<\/div>\n\t\t\t\t<div class=\"elementor-element elementor-element-c984706 elementor-widget elementor-widget-raven-divider\" data-id=\"c984706\" data-element_type=\"widget\" data-widget_type=\"raven-divider.default\">\n\t\t\t\t<div class=\"elementor-widget-container\">\n\t\t\t\t\t<div class=\"raven-widget-wrapper\">\n\t\t\t<div class=\"raven-divider\">\n\t\t\t\t<span class=\"raven-divider-line raven-divider-solid\"><\/span>\n\t\t\t<\/div>\n\t\t<\/div>\n\t\t\t\t<\/div>\n\t\t\t\t<\/div>\n\t\t\t\t\t<\/div>\n\t\t<\/div>\n\t\t\t\t\t\t\t<\/div>\n\t\t<\/section>\n\t\t\t\t<section class=\"elementor-section elementor-top-section elementor-element elementor-element-20613a9 elementor-section-boxed elementor-section-height-default elementor-section-height-default\" data-id=\"20613a9\" data-element_type=\"section\">\n\t\t\t\t\t\t<div class=\"elementor-container elementor-column-gap-default\">\n\t\t\t\t\t<div class=\"elementor-column elementor-col-100 elementor-top-column elementor-element elementor-element-46b50fa\" data-id=\"46b50fa\" data-element_type=\"column\">\n\t\t\t<div class=\"elementor-widget-wrap elementor-element-populated\">\n\t\t\t\t\t\t\t\t<div class=\"elementor-element elementor-element-c8d7947 elementor-widget elementor-widget-heading\" data-id=\"c8d7947\" data-element_type=\"widget\" data-widget_type=\"heading.default\">\n\t\t\t\t<div class=\"elementor-widget-container\">\n\t\t\t<h3 class=\"elementor-heading-title elementor-size-default\">Supply chains never stop, and so goods transport and supply are key to meeting your objectives.<\/h3>\t\t<\/div>\n\t\t\t\t<\/div>\n\t\t\t\t\t<\/div>\n\t\t<\/div>\n\t\t\t\t\t\t\t<\/div>\n\t\t<\/section>\n\t\t\t\t<section class=\"elementor-section elementor-top-section elementor-element elementor-element-851a3da elementor-section-boxed elementor-section-height-default elementor-section-height-default\" data-id=\"851a3da\" data-element_type=\"section\" id=\"nosotros\">\n\t\t\t\t\t\t<div class=\"elementor-container elementor-column-gap-no\">\n\t\t\t\t\t<div class=\"elementor-column elementor-col-50 elementor-top-column elementor-element elementor-element-b1dcb32\" data-id=\"b1dcb32\" data-element_type=\"column\">\n\t\t\t<div class=\"elementor-widget-wrap elementor-element-populated\">\n\t\t\t\t\t\t\t\t<div class=\"elementor-element elementor-element-9585e57 elementor-align-left elementor-widget elementor-widget-raven-heading\" data-id=\"9585e57\" data-element_type=\"widget\" data-widget_type=\"raven-heading.default\">\n\t\t\t\t<div class=\"elementor-widget-container\">\n\t\t\t\t\t<div class=\"raven-widget-wrapper\"><h2 class=\"raven-heading raven-heading-h2\"><span class=\"raven-heading-title\">About us<\/span><\/h2><\/div>\n\t\t\t\t<\/div>\n\t\t\t\t<\/div>\n\t\t\t\t<div class=\"elementor-element elementor-element-33831cc elementor-widget elementor-widget-text-editor\" data-id=\"33831cc\" data-element_type=\"widget\" data-widget_type=\"text-editor.default\">\n\t\t\t\t<div class=\"elementor-widget-container\">\n\t\t\t\t\t\t\tOur company specializes in the creation of packing solutions for any industrial goods, either domestic or export.\t\t\t\t\t\t<\/div>\n\t\t\t\t<\/div>\n\t\t\t\t<div class=\"elementor-element elementor-element-26c614a elementor-align-left elementor-widget elementor-widget-raven-button\" data-id=\"26c614a\" data-element_type=\"widget\" data-widget_type=\"raven-button.default\">\n\t\t\t\t<div class=\"elementor-widget-container\">\n\t\t\t\t\t<div class=\"raven-widget-wrapper\">\n\t\t\t<a class=\"raven-button raven-button-link\" href=\"https:\/\/emt.mx\/en\/nosotros\/\">\n\t\t\t\t<span class=\"raven-button-content\">\n\t\t\t\t\t\t\t\t\t\t<span class=\"raven-button-text\">\n\t\t\t\t\t\tRead more\t\t\t\t\t\t\t\t\t\t\t<\/span>\n\t\t\t\t<\/span>\n\t\t\t<\/a>\n\t\t<\/div>\n\t\t\t\t<\/div>\n\t\t\t\t<\/div>\n\t\t\t\t\t<\/div>\n\t\t<\/div>\n\t\t\t\t<div class=\"elementor-column elementor-col-50 elementor-top-column elementor-element elementor-element-e1cc455\" data-id=\"e1cc455\" data-element_type=\"column\" data-settings=\"{&quot;background_background&quot;:&quot;classic&quot;}\">\n\t\t\t<div class=\"elementor-widget-wrap elementor-element-populated\">\n\t\t\t\t\t\t\t\t<div class=\"elementor-element elementor-element-6d24907 elementor-widget elementor-widget-raven-image\" data-id=\"6d24907\" data-element_type=\"widget\" data-widget_type=\"raven-image.default\">\n\t\t\t\t<div class=\"elementor-widget-container\">\n\t\t\t\t\t<div class=\"raven-image\">\n\t\t\n\t\t\n\t\t<img loading=\"lazy\" decoding=\"async\" width=\"460\" height=\"440\" src=\"https:\/\/emt.mx\/wp-content\/uploads\/2021\/12\/NOSOTROS.jpg\" class=\"attachment-full size-full\" alt=\"\" srcset=\"https:\/\/emt.mx\/wp-content\/uploads\/2021\/12\/NOSOTROS.jpg 460w, https:\/\/emt.mx\/wp-content\/uploads\/2021\/12\/NOSOTROS-300x287.jpg 300w\" sizes=\"auto, (max-width: 460px) 100vw, 460px\" \/>\t\t<\/div>\n\t\t\t\t<\/div>\n\t\t\t\t<\/div>\n\t\t\t\t\t<\/div>\n\t\t<\/div>\n\t\t\t\t\t\t\t<\/div>\n\t\t<\/section>\n\t\t\t\t<section class=\"elementor-section elementor-top-section elementor-element elementor-element-5feff53 elementor-section-boxed elementor-section-height-default elementor-section-height-default\" data-id=\"5feff53\" data-element_type=\"section\" data-settings=\"{&quot;background_background&quot;:&quot;classic&quot;}\">\n\t\t\t\t\t\t<div class=\"elementor-container elementor-column-gap-no\">\n\t\t\t\t\t<div class=\"elementor-column elementor-col-50 elementor-top-column elementor-element elementor-element-93c5454\" data-id=\"93c5454\" data-element_type=\"column\" data-settings=\"{&quot;background_background&quot;:&quot;classic&quot;}\">\n\t\t\t<div class=\"elementor-widget-wrap elementor-element-populated\">\n\t\t\t\t\t\t\t\t<div class=\"elementor-element elementor-element-c429f57 elementor-align-left elementor-widget elementor-widget-raven-heading\" data-id=\"c429f57\" data-element_type=\"widget\" data-widget_type=\"raven-heading.default\">\n\t\t\t\t<div class=\"elementor-widget-container\">\n\t\t\t\t\t<div class=\"raven-widget-wrapper\"><h2 class=\"raven-heading raven-heading-h2\"><span class=\"raven-heading-title\">Satisfaction Guarantee<\/span><\/h2><\/div>\n\t\t\t\t<\/div>\n\t\t\t\t<\/div>\n\t\t\t\t<div class=\"elementor-element elementor-element-a0f4c31 elementor-widget elementor-widget-text-editor\" data-id=\"a0f4c31\" data-element_type=\"widget\" data-widget_type=\"text-editor.default\">\n\t\t\t\t<div class=\"elementor-widget-container\">\n\t\t\t\t\t\t\t<p>Our products are heat-treated for exportation.<\/p>\t\t\t\t\t\t<\/div>\n\t\t\t\t<\/div>\n\t\t\t\t<div class=\"elementor-element elementor-element-9838086 elementor-align-left elementor-widget elementor-widget-raven-button\" data-id=\"9838086\" data-element_type=\"widget\" data-widget_type=\"raven-button.default\">\n\t\t\t\t<div class=\"elementor-widget-container\">\n\t\t\t\t\t<div class=\"raven-widget-wrapper\">\n\t\t\t<a class=\"raven-button raven-button-link\" href=\"https:\/\/emt.mx\/en\/contacto\/\">\n\t\t\t\t<span class=\"raven-button-content\">\n\t\t\t\t\t\t\t\t\t\t<span class=\"raven-button-text\">\n\t\t\t\t\t\tGet a quote\t\t\t\t\t\t\t\t\t\t\t<\/span>\n\t\t\t\t<\/span>\n\t\t\t<\/a>\n\t\t<\/div>\n\t\t\t\t<\/div>\n\t\t\t\t<\/div>\n\t\t\t\t\t<\/div>\n\t\t<\/div>\n\t\t\t\t<div class=\"elementor-column elementor-col-50 elementor-top-column elementor-element elementor-element-74ae0e9\" data-id=\"74ae0e9\" data-element_type=\"column\">\n\t\t\t<div class=\"elementor-widget-wrap\">\n\t\t\t\t\t\t\t\t\t<\/div>\n\t\t<\/div>\n\t\t\t\t\t\t\t<\/div>\n\t\t<\/section>\n\t\t\t\t<section class=\"elementor-section elementor-top-section elementor-element elementor-element-2215170 elementor-section-boxed elementor-section-height-default elementor-section-height-default\" data-id=\"2215170\" data-element_type=\"section\" data-settings=\"{&quot;background_background&quot;:&quot;classic&quot;}\">\n\t\t\t\t\t\t\t<div class=\"elementor-background-overlay\"><\/div>\n\t\t\t\t\t\t\t<div class=\"elementor-container elementor-column-gap-no\">\n\t\t\t\t\t<div class=\"elementor-column elementor-col-50 elementor-top-column elementor-element elementor-element-f4390c3\" data-id=\"f4390c3\" data-element_type=\"column\">\n\t\t\t<div class=\"elementor-widget-wrap elementor-element-populated\">\n\t\t\t\t\t\t\t\t<div class=\"elementor-element elementor-element-9cf5e70 elementor-widget elementor-widget-heading\" data-id=\"9cf5e70\" data-element_type=\"widget\" data-widget_type=\"heading.default\">\n\t\t\t\t<div class=\"elementor-widget-container\">\n\t\t\t<h2 class=\"elementor-heading-title elementor-size-default\">Leave a message.\n<br>We will get back to you.<\/h2>\t\t<\/div>\n\t\t\t\t<\/div>\n\t\t\t\t\t<\/div>\n\t\t<\/div>\n\t\t\t\t<div class=\"elementor-column elementor-col-50 elementor-top-column elementor-element elementor-element-d554fdd\" data-id=\"d554fdd\" data-element_type=\"column\">\n\t\t\t<div class=\"elementor-widget-wrap elementor-element-populated\">\n\t\t\t\t\t\t\t\t<div class=\"elementor-element elementor-element-c3f7ad9 elementor-align-right elementor-mobile-align-center elementor-widget elementor-widget-raven-button\" data-id=\"c3f7ad9\" data-element_type=\"widget\" data-widget_type=\"raven-button.default\">\n\t\t\t\t<div class=\"elementor-widget-container\">\n\t\t\t\t\t<div class=\"raven-widget-wrapper\">\n\t\t\t<a class=\"raven-button raven-button-link\" href=\"tel:(01735)3556820\">\n\t\t\t\t<span class=\"raven-button-content\">\n\t\t\t\t\t\t\t\t\t\t<span class=\"raven-button-text\">\n\t\t\t\t\t\t(01735)3556820\t\t\t\t\t\t\t\t\t\t\t<\/span>\n\t\t\t\t<\/span>\n\t\t\t<\/a>\n\t\t<\/div>\n\t\t\t\t<\/div>\n\t\t\t\t<\/div>\n\t\t\t\t\t<\/div>\n\t\t<\/div>\n\t\t\t\t\t\t\t<\/div>\n\t\t<\/section>\n\t\t\t\t\t\t<\/div>\n\t\t\t\t\t<\/div>","protected":false},"excerpt":{"rendered":"<p>Empaques, Maderas y Tarimas Industrial Packing Solutions M\u00e1s Informaci\u00f3n Ingenier\u00eda especializada en: Empaques de Madera Espumas a medida Racks met\u00e1licos Porque la cadena de suministro nunca se detiene y la necesidad de abastacerla y transportar productos es esencial para su cumplimiento de objetivos. Nosotros Somos una empresa dedicada a la fabricaci\u00f3n de soluciones en empaques [&hellip;]<\/p>","protected":false},"author":1,"featured_media":0,"parent":0,"menu_order":0,"comment_status":"closed","ping_status":"closed","template":"full-width.php","meta":{"footnotes":""},"class_list":["post-7","page","type-page","status-publish","hentry"],"_links":{"self":[{"href":"https:\/\/emt.mx\/en\/wp-json\/wp\/v2\/pages\/7","targetHints":{"allow":["GET"]}}],"collection":[{"href":"https:\/\/emt.mx\/en\/wp-json\/wp\/v2\/pages"}],"about":[{"href":"https:\/\/emt.mx\/en\/wp-json\/wp\/v2\/types\/page"}],"author":[{"embeddable":true,"href":"https:\/\/emt.mx\/en\/wp-json\/wp\/v2\/users\/1"}],"replies":[{"embeddable":true,"href":"https:\/\/emt.mx\/en\/wp-json\/wp\/v2\/comments?post=7"}],"version-history":[{"count":86,"href":"https:\/\/emt.mx\/en\/wp-json\/wp\/v2\/pages\/7\/revisions"}],"predecessor-version":[{"id":633,"href":"https:\/\/emt.mx\/en\/wp-json\/wp\/v2\/pages\/7\/revisions\/633"}],"wp:attachment":[{"href":"https:\/\/emt.mx\/en\/wp-json\/wp\/v2\/media?parent=7"}],"curies":[{"name":"wp","href":"https:\/\/api.w.org\/{rel}","templated":true}]}}